{"id":45,"date":"2012-07-31T10:10:34","date_gmt":"2012-07-31T10:10:34","guid":{"rendered":"http:\/\/arismart.org\/blog\/?page_id=45"},"modified":"2013-09-11T11:27:25","modified_gmt":"2013-09-11T11:27:25","slug":"uso-recomendado","status":"publish","type":"page","link":"https:\/\/arismart.org\/blog\/uso-recomendado\/","title":{"rendered":"Uso recomendado"},"content":{"rendered":"<div align=\"justify\">\n<p align=\"center\"><img loading=\"lazy\" alt=\"\" src=\"http:\/\/arismart.org\/blog\/wp-content\/uploads\/Photoxpress_11984231.jpg\" width=\"500\" height=\"375\" \/><\/p>\n<p>&nbsp;<\/p>\n<p align=\"justify\">El programa <strong>AriSmart<\/strong> ha sido dise\u00f1ado como una <strong>herramienta interactiva<\/strong> que permite diversos usos:<\/p>\n<p>&nbsp;<\/p>\n<ul>\n<ul>\n<li><strong>ORDENADOR<\/strong>. Puede llevar a cabo todas las opciones que el programa permite en la pantalla de su ordenador y, mediante un proyector, mostrar a todos los alumnos lo que usted est\u00e1 viendo en su pantalla.<\/li>\n<\/ul>\n<\/ul>\n<p>&nbsp;<\/p>\n<ul>\n<ul>\n<li><strong>PIZARRA INTERACTIVA DIGITAL<\/strong>. Utilizar <strong>AriSmart<\/strong> en una pizarra digital o <em>smart board<\/em>es una opci\u00f3n excelente, ya que permite dinamizar las clases y facilita la participaci\u00f3n del alumnado en las explicaciones. Los usuarios pueden, de este modo, utilizar la pizarra digital para representar situaciones requeridas por el profesor o corregir errores en alg\u00fan contexto ya planteado, entre muchas otras opciones.El uso de las pizarras digitales interactivas (PDi) est\u00e1 cada vez m\u00e1s extendido gracias a las posibilidades de su utilizaci\u00f3n, ya que permite controlar el ordenador sobre la pantalla con un bol\u00ed\u00adgrafo o el dedo, por ejemplo.<\/li>\n<\/ul>\n<\/ul>\n<p>&nbsp;<\/p>\n<ul>\n<li><strong>EBEAM<\/strong>. eBeam es un dispositivo que, gracias a sensores de ultrasonidos y un sistema de posicionamiento por infrarrojos, permite convertir una pantalla lista en una pizarra digital interactiva. De este modo, el usuario cuenta con una pizarra digital portable, ya que puede utilizar el dispositivo eBeam en cualquier tipo de pizarra, proyectos o, incluso, sobre la pared.<\/li>\n<\/ul>\n<p>&nbsp;<\/p>\n<p align=\"center\"><img loading=\"lazy\" alt=\"\" src=\"http:\/\/arismart.org\/blog\/wp-content\/uploads\/ebeam-interactive.jpg\" width=\"287\" height=\"203\" \/><\/p>\n<\/div>\n","protected":false},"excerpt":{"rendered":"<p>&nbsp; El programa AriSmart ha sido dise\u00f1ado como una herramienta interactiva que permite diversos usos: &nbsp; ORDENADOR. Puede llevar a cabo todas las opciones que el programa permite en la <a class=\"more-link\" href=\"https:\/\/arismart.org\/blog\/uso-recomendado\/\">Seguir leyendo &rarr;<\/a><\/p>\n","protected":false},"author":1,"featured_media":0,"parent":0,"menu_order":0,"comment_status":"open","ping_status":"open","template":"","meta":{"spay_email":""},"yoast_head":"<!-- This site is optimized with the Yoast SEO plugin v16.2 - https:\/\/yoast.com\/wordpress\/plugins\/seo\/ -->\n<title>NULL<\/title>\n<meta name=\"description\" content=\"NULL\" \/>\n<meta name=\"robots\" content=\"index, follow, max-snippet:-1, max-image-preview:large, max-video-preview:-1\" \/>\n<link rel=\"canonical\" href=\"http:\/\/NULL\" \/>\n<meta property=\"og:locale\" content=\"es_ES\" \/>\n<meta property=\"og:type\" content=\"article\" \/>\n<meta property=\"og:title\" content=\"NULL\" \/>\n<meta property=\"og:description\" content=\"NULL\" \/>\n<meta property=\"og:url\" content=\"NULL\" \/>\n<meta property=\"og:site_name\" content=\"AriSmart\" \/>\n<meta property=\"article:modified_time\" content=\"2013-09-11T11:27:25+00:00\" \/>\n<meta name=\"twitter:card\" content=\"summary_large_image\" \/>\n<meta name=\"twitter:title\" content=\"NULL\" \/>\n<meta name=\"twitter:description\" content=\"NULL\" \/>\n<meta name=\"twitter:label1\" content=\"Tiempo de lectura\">\n\t<meta name=\"twitter:data1\" content=\"1 minuto\">\n<script type=\"application\/ld+json\" class=\"yoast-schema-graph\">{\"@context\":\"https:\/\/schema.org\",\"@graph\":[{\"@type\":\"WebSite\",\"@id\":\"https:\/\/arismart.org\/blog\/#website\",\"url\":\"https:\/\/arismart.org\/blog\/\",\"name\":\"AriSmart\",\"description\":\"\",\"potentialAction\":[{\"@type\":\"SearchAction\",\"target\":\"https:\/\/arismart.org\/blog\/?s={search_term_string}\",\"query-input\":\"required name=search_term_string\"}],\"inLanguage\":\"es\"},{\"@type\":\"ImageObject\",\"@id\":\"NULL#primaryimage\",\"inLanguage\":\"es\",\"url\":\"http:\/\/arismart.org\/blog\/wp-content\/uploads\/Photoxpress_11984231.jpg\",\"contentUrl\":\"http:\/\/arismart.org\/blog\/wp-content\/uploads\/Photoxpress_11984231.jpg\"},{\"@type\":[\"WebPage\",\"NULL\"],\"@id\":\"NULL#webpage\",\"url\":\"NULL\",\"name\":\"NULL\",\"isPartOf\":{\"@id\":\"https:\/\/arismart.org\/blog\/#website\"},\"primaryImageOfPage\":{\"@id\":\"NULL#primaryimage\"},\"datePublished\":\"2012-07-31T10:10:34+00:00\",\"dateModified\":\"2013-09-11T11:27:25+00:00\",\"description\":\"NULL\",\"breadcrumb\":{\"@id\":\"NULL#breadcrumb\"},\"inLanguage\":\"es\",\"potentialAction\":[{\"@type\":\"ReadAction\",\"target\":[\"NULL\"]}]},{\"@type\":\"BreadcrumbList\",\"@id\":\"NULL#breadcrumb\",\"itemListElement\":[{\"@type\":\"ListItem\",\"position\":1,\"item\":{\"@type\":\"WebPage\",\"@id\":\"https:\/\/arismart.org\/blog\/\",\"url\":\"https:\/\/arismart.org\/blog\/\",\"name\":\"Portada\"}},{\"@type\":\"ListItem\",\"position\":2,\"item\":{\"@id\":\"NULL#webpage\"}}]},{\"@type\":\"Person\",\"@id\":\"https:\/\/arismart.org\/blog\/#\/schema\/person\/cca11bcb8f7b17ec7b0af8030966ae4f\",\"name\":\"user_arismart\",\"image\":{\"@type\":\"ImageObject\",\"@id\":\"https:\/\/arismart.org\/blog\/#personlogo\",\"inLanguage\":\"es\",\"url\":\"https:\/\/secure.gravatar.com\/avatar\/d3939d4ea521ac8421c86d2980321cc9?s=96&d=mm&r=g\",\"contentUrl\":\"https:\/\/secure.gravatar.com\/avatar\/d3939d4ea521ac8421c86d2980321cc9?s=96&d=mm&r=g\",\"caption\":\"user_arismart\"}}]}<\/script>\n<!-- \/ Yoast SEO plugin. -->","jetpack_shortlink":"https:\/\/wp.me\/P2LBJj-J","jetpack_sharing_enabled":true,"_links":{"self":[{"href":"https:\/\/arismart.org\/blog\/wp-json\/wp\/v2\/pages\/45"}],"collection":[{"href":"https:\/\/arismart.org\/blog\/wp-json\/wp\/v2\/pages"}],"about":[{"href":"https:\/\/arismart.org\/blog\/wp-json\/wp\/v2\/types\/page"}],"author":[{"embeddable":true,"href":"https:\/\/arismart.org\/blog\/wp-json\/wp\/v2\/users\/1"}],"replies":[{"embeddable":true,"href":"https:\/\/arismart.org\/blog\/wp-json\/wp\/v2\/comments?post=45"}],"version-history":[{"count":1,"href":"https:\/\/arismart.org\/blog\/wp-json\/wp\/v2\/pages\/45\/revisions"}],"predecessor-version":[{"id":181,"href":"https:\/\/arismart.org\/blog\/wp-json\/wp\/v2\/pages\/45\/revisions\/181"}],"wp:attachment":[{"href":"https:\/\/arismart.org\/blog\/wp-json\/wp\/v2\/media?parent=45"}],"curies":[{"name":"wp","href":"https:\/\/api.w.org\/{rel}","templated":true}]}}