{"id":33,"date":"2012-07-30T11:53:34","date_gmt":"2012-07-30T11:53:34","guid":{"rendered":"http:\/\/arismart.org\/blog\/?page_id=33"},"modified":"2013-09-12T11:10:34","modified_gmt":"2013-09-12T11:10:34","slug":"funcionamiento-de-arismart","status":"publish","type":"page","link":"https:\/\/arismart.org\/blog\/funcionamiento-de-arismart\/","title":{"rendered":"C\u00f3mo funciona"},"content":{"rendered":"<div align=\"justify\">\n<p align=\"justify\"><span style=\"color: #000000;\"><strong>El escenario<\/strong><\/span><\/p>\n<p align=\"justify\">En <strong>AriSmart<\/strong> el usuario puede elegir entre una serie de <strong>escenarios<\/strong> que servir\u00e1n como base de su dibujo y explicaci\u00f3n. <strong>AriSmart<\/strong> permite elegir entre una gran cantidad de <strong>contextos<\/strong> con el objetivo de poder representar el mayor n\u00famero de situaciones posibles.<\/p>\n<p align=\"justify\">Entre los escenarios de <strong>AriSmart<\/strong> encontramos <strong>rotondas<\/strong>, <strong>cruces<\/strong>, <strong>carreteras<\/strong> con l\u00ed\u00adneas continuas y discontinuas, <strong>curvas<\/strong> y sus respectivos trazados, entre otros, para impartir clases de conducci\u00f3n, as\u00ed\u00ad como jugadores de f\u00fatbol con diferentes equipaciones para representar un partido, seg\u00fan la opci\u00f3n que usted elija.<\/p>\n<p align=\"justify\">Una vez seleccionado el escenario, el usuario puede comenzar a colocar los elementos de su inter\u00e9s para explicar la situaci\u00f3n que desee. As\u00ed\u00ad, gracias al men\u00fa situado en la parte izquierda, puede seleccionar los objetos o elementos que mejor representen la situaci\u00f3n que desee.<\/p>\n<p>&nbsp;<\/p>\n<p align=\"justify\"><span style=\"color: #000000;\"><strong>Colocar objetos en el escenario<\/strong><\/span><\/p>\n<p align=\"justify\">El desarrollo de <strong>AriSmart<\/strong> permitir\u00e1 dise\u00f1ar y dibujar situaciones de muy <strong>diferentes y amplios\u00a0<\/strong><strong>contextos<\/strong>\u00a0a trav\u00e9s de una pantalla de ordenador proyectando la imagen o directamente sobre una pizarra digital interactiva, trabajando con un bol\u00ed\u00adgrafo especial o con el dedo y colocando con facilidad los objetos al escenario, que puede ser arrastrados o colocados con un doble <em>click<\/em>.<\/p>\n<p align=\"justify\">Los objetos colocados en el escenario pueden ser modificados en <strong>tama\u00f1o<\/strong> y <strong>posici\u00f3n<\/strong> en cualquier momento para introducir dinamismo y facilidad a una explicaci\u00f3n. La mayor facilidad en la percepci\u00f3n de las situaciones agiliza y mejora el aprendizaje del alumno gracias al atractivo de las nuevas tecnolog\u00ed\u00adas.<\/p>\n<p>&nbsp;<\/p>\n<p align=\"justify\"><span style=\"color: #000000;\"><strong>Escritura y dibujo<\/strong><\/span><\/p>\n<p align=\"justify\"><strong>AriSmart<\/strong> permite, adem\u00e1s, utilizar la <strong>escritura<\/strong> y el <strong>dibujo<\/strong> para a\u00f1adir al escenario toda la informaci\u00f3n que se quiera transmitir a los alumnos: anotaciones, etiquetas, nombres&#8230;<\/p>\n<p align=\"justify\">As\u00ed\u00ad, por ejemplo, el usuario podr\u00e1 tachar con una cruz roja una situaci\u00f3n o acci\u00f3n incorrecta o se\u00f1alar en color verde posici\u00f3n una situaci\u00f3n o maniobra correcta. Podr\u00e1, adem\u00e1s, introducir <strong>nombres<\/strong> o <strong>explicaciones<\/strong> con la <strong>herramienta de escribir<\/strong> y borrar todas estas cosas en el momento que crea oportuno con la <strong>herramienta goma de borrar.<\/strong><\/p>\n<p>&nbsp;<\/p>\n<p align=\"justify\"><strong>Creaci\u00f3n de libros<\/strong><\/p>\n<p align=\"justify\"><strong>AriSmart<\/strong> permite la creaci\u00f3n de varias escenas agrupadas en un <strong>libro<\/strong> para crear una <strong>secuencia de acciones<\/strong> que podremos ense\u00f1ar como una presentaci\u00f3n de im\u00e1genes.<\/p>\n<\/div>\n","protected":false},"excerpt":{"rendered":"<p>El escenario En AriSmart el usuario puede elegir entre una serie de escenarios que servir\u00e1n como base de su dibujo y explicaci\u00f3n. AriSmart permite elegir entre una gran cantidad de <a class=\"more-link\" href=\"https:\/\/arismart.org\/blog\/funcionamiento-de-arismart\/\">Seguir leyendo &rarr;<\/a><\/p>\n","protected":false},"author":1,"featured_media":0,"parent":0,"menu_order":0,"comment_status":"open","ping_status":"open","template":"","meta":{"spay_email":""},"yoast_head":"<!-- This site is optimized with the Yoast SEO plugin v16.2 - https:\/\/yoast.com\/wordpress\/plugins\/seo\/ -->\n<title>NULL<\/title>\n<meta name=\"description\" content=\"NULL\" \/>\n<meta name=\"robots\" content=\"index, follow, max-snippet:-1, max-image-preview:large, max-video-preview:-1\" \/>\n<link rel=\"canonical\" href=\"http:\/\/NULL\" \/>\n<meta property=\"og:locale\" content=\"es_ES\" \/>\n<meta property=\"og:type\" content=\"article\" \/>\n<meta property=\"og:title\" content=\"NULL\" \/>\n<meta property=\"og:description\" content=\"NULL\" \/>\n<meta property=\"og:url\" content=\"NULL\" \/>\n<meta property=\"og:site_name\" content=\"AriSmart\" \/>\n<meta property=\"article:modified_time\" content=\"2013-09-12T11:10:34+00:00\" \/>\n<meta name=\"twitter:card\" content=\"summary_large_image\" \/>\n<meta name=\"twitter:title\" content=\"NULL\" \/>\n<meta name=\"twitter:description\" content=\"NULL\" \/>\n<meta name=\"twitter:label1\" content=\"Tiempo de lectura\">\n\t<meta name=\"twitter:data1\" content=\"2 minutos\">\n<script type=\"application\/ld+json\" class=\"yoast-schema-graph\">{\"@context\":\"https:\/\/schema.org\",\"@graph\":[{\"@type\":\"WebSite\",\"@id\":\"https:\/\/arismart.org\/blog\/#website\",\"url\":\"https:\/\/arismart.org\/blog\/\",\"name\":\"AriSmart\",\"description\":\"\",\"potentialAction\":[{\"@type\":\"SearchAction\",\"target\":\"https:\/\/arismart.org\/blog\/?s={search_term_string}\",\"query-input\":\"required name=search_term_string\"}],\"inLanguage\":\"es\"},{\"@type\":[\"WebPage\",\"NULL\",\"CollectionPage\"],\"@id\":\"NULL#webpage\",\"url\":\"NULL\",\"name\":\"NULL\",\"isPartOf\":{\"@id\":\"https:\/\/arismart.org\/blog\/#website\"},\"datePublished\":\"2012-07-30T11:53:34+00:00\",\"dateModified\":\"2013-09-12T11:10:34+00:00\",\"description\":\"NULL\",\"breadcrumb\":{\"@id\":\"NULL#breadcrumb\"},\"inLanguage\":\"es\",\"potentialAction\":[{\"@type\":\"ReadAction\",\"target\":[\"NULL\"]}]},{\"@type\":\"BreadcrumbList\",\"@id\":\"NULL#breadcrumb\",\"itemListElement\":[{\"@type\":\"ListItem\",\"position\":1,\"item\":{\"@type\":\"WebPage\",\"@id\":\"https:\/\/arismart.org\/blog\/\",\"url\":\"https:\/\/arismart.org\/blog\/\",\"name\":\"Portada\"}},{\"@type\":\"ListItem\",\"position\":2,\"item\":{\"@id\":\"NULL#webpage\"}}]},{\"@type\":\"Person\",\"@id\":\"https:\/\/arismart.org\/blog\/#\/schema\/person\/cca11bcb8f7b17ec7b0af8030966ae4f\",\"name\":\"user_arismart\",\"image\":{\"@type\":\"ImageObject\",\"@id\":\"https:\/\/arismart.org\/blog\/#personlogo\",\"inLanguage\":\"es\",\"url\":\"https:\/\/secure.gravatar.com\/avatar\/d3939d4ea521ac8421c86d2980321cc9?s=96&d=mm&r=g\",\"contentUrl\":\"https:\/\/secure.gravatar.com\/avatar\/d3939d4ea521ac8421c86d2980321cc9?s=96&d=mm&r=g\",\"caption\":\"user_arismart\"}}]}<\/script>\n<!-- \/ Yoast SEO plugin. -->","jetpack_shortlink":"https:\/\/wp.me\/P2LBJj-x","jetpack_sharing_enabled":true,"_links":{"self":[{"href":"https:\/\/arismart.org\/blog\/wp-json\/wp\/v2\/pages\/33"}],"collection":[{"href":"https:\/\/arismart.org\/blog\/wp-json\/wp\/v2\/pages"}],"about":[{"href":"https:\/\/arismart.org\/blog\/wp-json\/wp\/v2\/types\/page"}],"author":[{"embeddable":true,"href":"https:\/\/arismart.org\/blog\/wp-json\/wp\/v2\/users\/1"}],"replies":[{"embeddable":true,"href":"https:\/\/arismart.org\/blog\/wp-json\/wp\/v2\/comments?post=33"}],"version-history":[{"count":3,"href":"https:\/\/arismart.org\/blog\/wp-json\/wp\/v2\/pages\/33\/revisions"}],"predecessor-version":[{"id":201,"href":"https:\/\/arismart.org\/blog\/wp-json\/wp\/v2\/pages\/33\/revisions\/201"}],"wp:attachment":[{"href":"https:\/\/arismart.org\/blog\/wp-json\/wp\/v2\/media?parent=33"}],"curies":[{"name":"wp","href":"https:\/\/api.w.org\/{rel}","templated":true}]}}